{"id":17,"date":"2018-08-24T03:50:19","date_gmt":"2018-08-24T06:50:19","guid":{"rendered":"https:\/\/soledad.pencidesign.net\/soledad-elegant-blog\/?page_id=8"},"modified":"2025-09-03T19:36:16","modified_gmt":"2025-09-03T17:36:16","slug":"contacto","status":"publish","type":"page","link":"https:\/\/fraseologia.com\/es\/contacto\/","title":{"rendered":"Cont\u00e1ctanos"},"content":{"rendered":"\n<p>\u00bfTienes una pregunta, un comentario? \u00bfQuieres colaborar de alguna manera? \u00bfSolo tienes algo bonito que decir? \u00a1Me encantar\u00eda saber de ti! Env\u00edame un mensaje a continuaci\u00f3n y sin duda te responder\u00e9 lo antes posible. \u00a1Gracias!<\/p>\n\n\n\n<ul class=\"wp-block-list\">\n<li><strong>Email:<\/strong> <a href=\"mailto: contacto@fraseologia.com\" target=\"_blank\">contacto@fraseologia.com<\/a><\/li>\n<\/ul>\n\n\n\n<div class=\"wp-block-contact-form-7-contact-form-selector\">\n<div class=\"wpcf7 no-js\" id=\"wpcf7-f4-o1\" lang=\"es-ES\" dir=\"ltr\" data-wpcf7-id=\"4\">\n<div class=\"screen-reader-response\"><p role=\"status\" aria-live=\"polite\" aria-atomic=\"true\"><\/p> <ul><\/ul><\/div>\n<form action=\"\/es\/wp-json\/wp\/v2\/pages\/17#wpcf7-f4-o1\" method=\"post\" class=\"wpcf7-form init\" aria-label=\"Formulario de contacto\" novalidate=\"novalidate\" data-status=\"init\">\n<fieldset class=\"hidden-fields-container\"><input type=\"hidden\" name=\"_wpcf7\" value=\"4\" \/><input type=\"hidden\" name=\"_wpcf7_version\" value=\"6.1.4\" \/><input type=\"hidden\" name=\"_wpcf7_locale\" value=\"es_ES\" \/><input type=\"hidden\" name=\"_wpcf7_unit_tag\" value=\"wpcf7-f4-o1\" \/><input type=\"hidden\" name=\"_wpcf7_container_post\" value=\"0\" \/><input type=\"hidden\" name=\"_wpcf7_posted_data_hash\" value=\"\" \/>\n<\/fieldset>\n<p class=\"name\"><span class=\"wpcf7-form-control-wrap\" data-name=\"your-name\"><input size=\"40\" maxlength=\"400\" class=\"wpcf7-form-control wpcf7-text wpcf7-validates-as-required\" aria-required=\"true\" aria-invalid=\"false\" placeholder=\"Tu nombre*\" value=\"\" type=\"text\" name=\"your-name\" \/><\/span>\n<\/p>\n<p class=\"email\"><span class=\"wpcf7-form-control-wrap\" data-name=\"your-email\"><input size=\"40\" maxlength=\"400\" class=\"wpcf7-form-control wpcf7-email wpcf7-validates-as-required wpcf7-text wpcf7-validates-as-email\" aria-required=\"true\" aria-invalid=\"false\" placeholder=\"Email*\" value=\"\" type=\"email\" name=\"your-email\" \/><\/span>\n<\/p>\n<p class=\"subject\"><span class=\"wpcf7-form-control-wrap\" data-name=\"your-subject\"><input size=\"40\" maxlength=\"400\" class=\"wpcf7-form-control wpcf7-text\" aria-invalid=\"false\" placeholder=\"Asunto\" value=\"\" type=\"text\" name=\"your-subject\" \/><\/span>\n<\/p>\n<p class=\"message\"><span class=\"wpcf7-form-control-wrap\" data-name=\"your-message\"><textarea cols=\"40\" rows=\"10\" maxlength=\"2000\" class=\"wpcf7-form-control wpcf7-textarea wpcf7-validates-as-required\" aria-required=\"true\" aria-invalid=\"false\" placeholder=\"Tu mensaje\" name=\"your-message\"><\/textarea><\/span>\n<\/p>\n<p><div class=\"cf7-cf-turnstile\" style=\"margin-top: 0px; margin-bottom: -15px;\"> <div id=\"cf-turnstile-cf7-2492833002\" class=\"cf-turnstile\" data-sitekey=\"0x4AAAAAAAzdvOoZx4PXhKhj\" data-theme=\"light\" data-language=\"auto\" data-size=\"normal\" data-retry=\"auto\" data-retry-interval=\"1000\" data-action=\"contact-form-7\" data-appearance=\"always\"><\/div> <script>document.addEventListener(\"DOMContentLoaded\", function() { setTimeout(function(){ var e=document.getElementById(\"cf-turnstile-cf7-2492833002\"); e&&!e.innerHTML.trim()&&(turnstile.remove(\"#cf-turnstile-cf7-2492833002\"), turnstile.render(\"#cf-turnstile-cf7-2492833002\", {sitekey:\"0x4AAAAAAAzdvOoZx4PXhKhj\"})); }, 0); });<\/script> <br class=\"cf-turnstile-br cf-turnstile-br-cf7-2492833002\"> <style>#cf-turnstile-cf7-2492833002 { margin-left: -15px; }<\/style> <script>document.addEventListener(\"DOMContentLoaded\",function(){document.querySelectorAll('.wpcf7-form').forEach(function(e){e.addEventListener('submit',function(){if(document.getElementById('cf-turnstile-cf7-2492833002')){setTimeout(function(){turnstile.reset('#cf-turnstile-cf7-2492833002');},1000)}})})});<\/script> <\/div>\n<\/p>\n<p class=\"submit\"><input class=\"wpcf7-form-control wpcf7-submit has-spinner\" type=\"submit\" value=\"Enviar\" \/>\n<\/p><p style=\"display: none !important;\" class=\"akismet-fields-container\" data-prefix=\"_wpcf7_ak_\"><label>&#916;<textarea name=\"_wpcf7_ak_hp_textarea\" cols=\"45\" rows=\"8\" maxlength=\"100\"><\/textarea><\/label><input type=\"hidden\" id=\"ak_js_1\" name=\"_wpcf7_ak_js\" value=\"181\"\/><script>document.getElementById( \"ak_js_1\" ).setAttribute( \"value\", ( new Date() ).getTime() );<\/script><\/p><div class=\"wpcf7-response-output\" aria-hidden=\"true\"><\/div>\n<\/form>\n<\/div>\n<\/div>\n","protected":false},"excerpt":{"rendered":"<p>\u00bfTienes una pregunta, un comentario? \u00bfQuieres colaborar de alguna manera? \u00bfSolo tienes algo bonito que decir?&hellip;<\/p>\n","protected":false},"author":4,"featured_media":7725,"parent":0,"menu_order":0,"comment_status":"closed","ping_status":"closed","template":"","meta":{"_acf_changed":false,"footnotes":""},"class_list":["post-17","page","type-page","status-publish","has-post-thumbnail","hentry"],"acf":[],"yoast_head":"<!-- This site is optimized with the Yoast SEO plugin v26.5 - https:\/\/yoast.com\/wordpress\/plugins\/seo\/ -->\n<title>Cont\u00e1ctanos - Fraseologia<\/title>\n<meta name=\"robots\" content=\"index, follow, max-snippet:-1, max-image-preview:large, max-video-preview:-1\" \/>\n<link rel=\"canonical\" href=\"https:\/\/fraseologia.com\/es\/contacto\/\" \/>\n<meta property=\"og:locale\" content=\"es_ES\" \/>\n<meta property=\"og:type\" content=\"article\" \/>\n<meta property=\"og:title\" content=\"Cont\u00e1ctanos - Fraseologia\" \/>\n<meta property=\"og:description\" content=\"\u00bfTienes una pregunta, un comentario? \u00bfQuieres colaborar de alguna manera? \u00bfSolo tienes algo bonito que decir?&hellip;\" \/>\n<meta property=\"og:url\" content=\"https:\/\/fraseologia.com\/es\/contacto\/\" \/>\n<meta property=\"og:site_name\" content=\"Fraseologia\" \/>\n<meta property=\"article:modified_time\" content=\"2025-09-03T17:36:16+00:00\" \/>\n<meta name=\"twitter:card\" content=\"summary_large_image\" \/>\n<meta name=\"twitter:label1\" content=\"Tiempo de lectura\" \/>\n\t<meta name=\"twitter:data1\" content=\"1 minuto\" \/>\n<script type=\"application\/ld+json\" class=\"yoast-schema-graph\">{\"@context\":\"https:\/\/schema.org\",\"@graph\":[{\"@type\":\"WebPage\",\"@id\":\"https:\/\/fraseologia.com\/es\/contacto\/\",\"url\":\"https:\/\/fraseologia.com\/es\/contacto\/\",\"name\":\"Cont\u00e1ctanos - Fraseologia\",\"isPartOf\":{\"@id\":\"https:\/\/fraseologia.com\/es\/#website\"},\"primaryImageOfPage\":{\"@id\":\"https:\/\/fraseologia.com\/es\/contacto\/#primaryimage\"},\"image\":{\"@id\":\"https:\/\/fraseologia.com\/es\/contacto\/#primaryimage\"},\"thumbnailUrl\":\"https:\/\/fraseologia.com\/es\/wp-content\/uploads\/sites\/3\/2025\/09\/fraseologia-banner.png\",\"datePublished\":\"2018-08-24T06:50:19+00:00\",\"dateModified\":\"2025-09-03T17:36:16+00:00\",\"breadcrumb\":{\"@id\":\"https:\/\/fraseologia.com\/es\/contacto\/#breadcrumb\"},\"inLanguage\":\"es\",\"potentialAction\":[{\"@type\":\"ReadAction\",\"target\":[\"https:\/\/fraseologia.com\/es\/contacto\/\"]}]},{\"@type\":\"ImageObject\",\"inLanguage\":\"es\",\"@id\":\"https:\/\/fraseologia.com\/es\/contacto\/#primaryimage\",\"url\":\"https:\/\/fraseologia.com\/es\/wp-content\/uploads\/sites\/3\/2025\/09\/fraseologia-banner.png\",\"contentUrl\":\"https:\/\/fraseologia.com\/es\/wp-content\/uploads\/sites\/3\/2025\/09\/fraseologia-banner.png\",\"width\":1536,\"height\":1024,\"caption\":\"fraseologia\"},{\"@type\":\"BreadcrumbList\",\"@id\":\"https:\/\/fraseologia.com\/es\/contacto\/#breadcrumb\",\"itemListElement\":[{\"@type\":\"ListItem\",\"position\":1,\"name\":\"Portada\",\"item\":\"https:\/\/fraseologia.com\/es\/\"},{\"@type\":\"ListItem\",\"position\":2,\"name\":\"Cont\u00e1ctanos\"}]},{\"@type\":\"WebSite\",\"@id\":\"https:\/\/fraseologia.com\/es\/#website\",\"url\":\"https:\/\/fraseologia.com\/es\/\",\"name\":\"Fraseologia\",\"description\":\"Encuentra tu pr\u00f3xima inspiraci\u00f3n\",\"potentialAction\":[{\"@type\":\"SearchAction\",\"target\":{\"@type\":\"EntryPoint\",\"urlTemplate\":\"https:\/\/fraseologia.com\/es\/?s={search_term_string}\"},\"query-input\":{\"@type\":\"PropertyValueSpecification\",\"valueRequired\":true,\"valueName\":\"search_term_string\"}}],\"inLanguage\":\"es\"}]}<\/script>\n<!-- \/ Yoast SEO plugin. -->","yoast_head_json":{"title":"Cont\u00e1ctanos - Fraseologia","robots":{"index":"index","follow":"follow","max-snippet":"max-snippet:-1","max-image-preview":"max-image-preview:large","max-video-preview":"max-video-preview:-1"},"canonical":"https:\/\/fraseologia.com\/es\/contacto\/","og_locale":"es_ES","og_type":"article","og_title":"Cont\u00e1ctanos - Fraseologia","og_description":"\u00bfTienes una pregunta, un comentario? \u00bfQuieres colaborar de alguna manera? \u00bfSolo tienes algo bonito que decir?&hellip;","og_url":"https:\/\/fraseologia.com\/es\/contacto\/","og_site_name":"Fraseologia","article_modified_time":"2025-09-03T17:36:16+00:00","twitter_card":"summary_large_image","twitter_misc":{"Tiempo de lectura":"1 minuto"},"schema":{"@context":"https:\/\/schema.org","@graph":[{"@type":"WebPage","@id":"https:\/\/fraseologia.com\/es\/contacto\/","url":"https:\/\/fraseologia.com\/es\/contacto\/","name":"Cont\u00e1ctanos - Fraseologia","isPartOf":{"@id":"https:\/\/fraseologia.com\/es\/#website"},"primaryImageOfPage":{"@id":"https:\/\/fraseologia.com\/es\/contacto\/#primaryimage"},"image":{"@id":"https:\/\/fraseologia.com\/es\/contacto\/#primaryimage"},"thumbnailUrl":"https:\/\/fraseologia.com\/es\/wp-content\/uploads\/sites\/3\/2025\/09\/fraseologia-banner.png","datePublished":"2018-08-24T06:50:19+00:00","dateModified":"2025-09-03T17:36:16+00:00","breadcrumb":{"@id":"https:\/\/fraseologia.com\/es\/contacto\/#breadcrumb"},"inLanguage":"es","potentialAction":[{"@type":"ReadAction","target":["https:\/\/fraseologia.com\/es\/contacto\/"]}]},{"@type":"ImageObject","inLanguage":"es","@id":"https:\/\/fraseologia.com\/es\/contacto\/#primaryimage","url":"https:\/\/fraseologia.com\/es\/wp-content\/uploads\/sites\/3\/2025\/09\/fraseologia-banner.png","contentUrl":"https:\/\/fraseologia.com\/es\/wp-content\/uploads\/sites\/3\/2025\/09\/fraseologia-banner.png","width":1536,"height":1024,"caption":"fraseologia"},{"@type":"BreadcrumbList","@id":"https:\/\/fraseologia.com\/es\/contacto\/#breadcrumb","itemListElement":[{"@type":"ListItem","position":1,"name":"Portada","item":"https:\/\/fraseologia.com\/es\/"},{"@type":"ListItem","position":2,"name":"Cont\u00e1ctanos"}]},{"@type":"WebSite","@id":"https:\/\/fraseologia.com\/es\/#website","url":"https:\/\/fraseologia.com\/es\/","name":"Fraseologia","description":"Encuentra tu pr\u00f3xima inspiraci\u00f3n","potentialAction":[{"@type":"SearchAction","target":{"@type":"EntryPoint","urlTemplate":"https:\/\/fraseologia.com\/es\/?s={search_term_string}"},"query-input":{"@type":"PropertyValueSpecification","valueRequired":true,"valueName":"search_term_string"}}],"inLanguage":"es"}]}},"_links":{"self":[{"href":"https:\/\/fraseologia.com\/es\/wp-json\/wp\/v2\/pages\/17","targetHints":{"allow":["GET"]}}],"collection":[{"href":"https:\/\/fraseologia.com\/es\/wp-json\/wp\/v2\/pages"}],"about":[{"href":"https:\/\/fraseologia.com\/es\/wp-json\/wp\/v2\/types\/page"}],"author":[{"embeddable":true,"href":"https:\/\/fraseologia.com\/es\/wp-json\/wp\/v2\/users\/4"}],"replies":[{"embeddable":true,"href":"https:\/\/fraseologia.com\/es\/wp-json\/wp\/v2\/comments?post=17"}],"version-history":[{"count":1,"href":"https:\/\/fraseologia.com\/es\/wp-json\/wp\/v2\/pages\/17\/revisions"}],"predecessor-version":[{"id":7719,"href":"https:\/\/fraseologia.com\/es\/wp-json\/wp\/v2\/pages\/17\/revisions\/7719"}],"wp:featuredmedia":[{"embeddable":true,"href":"https:\/\/fraseologia.com\/es\/wp-json\/wp\/v2\/media\/7725"}],"wp:attachment":[{"href":"https:\/\/fraseologia.com\/es\/wp-json\/wp\/v2\/media?parent=17"}],"curies":[{"name":"wp","href":"https:\/\/api.w.org\/{rel}","templated":true}]}}